{"id":66,"date":"2025-11-05T09:11:43","date_gmt":"2025-11-05T09:11:43","guid":{"rendered":"https:\/\/woo.tagger.dev\/?post_type=product&#038;p=66"},"modified":"2025-11-05T09:26:09","modified_gmt":"2025-11-05T09:26:09","slug":"vans-old-skool-burgundy","status":"publish","type":"product","link":"https:\/\/woo.tagger.dev\/?product=vans-old-skool-burgundy","title":{"rendered":"Vans Old Skool Burgundy"},"content":{"rendered":"<p><img loading=\"lazy\" decoding=\"async\" class=\"alignnone size-medium wp-image-67\" src=\"https:\/\/woo.tagger.dev\/wp-content\/uploads\/2025\/11\/compressed-206x300.jpg\" alt=\"\" width=\"206\" height=\"300\" srcset=\"https:\/\/woo.tagger.dev\/wp-content\/uploads\/2025\/11\/compressed-206x300.jpg 206w, https:\/\/woo.tagger.dev\/wp-content\/uploads\/2025\/11\/compressed-702x1024.jpg 702w, https:\/\/woo.tagger.dev\/wp-content\/uploads\/2025\/11\/compressed-768x1120.jpg 768w, https:\/\/woo.tagger.dev\/wp-content\/uploads\/2025\/11\/compressed-1053x1536.jpg 1053w, https:\/\/woo.tagger.dev\/wp-content\/uploads\/2025\/11\/compressed-600x875.jpg 600w, https:\/\/woo.tagger.dev\/wp-content\/uploads\/2025\/11\/compressed.jpg 1234w\" sizes=\"auto, (max-width: 206px) 100vw, 206px\" \/><\/p>\n","protected":false},"excerpt":{"rendered":"<p class=\"p1\">Klasyczne Old Skool w g\u0142\u0119bokim bordowym kolorze. Wytrzyma\u0142e p\u0142\u00f3tno, sk\u00f3rzany pasek boczny i gumowa podeszwa, kt\u00f3ra daje pewny krok ka\u017cdego dnia.<\/p>\n","protected":false},"featured_media":67,"comment_status":"open","ping_status":"closed","template":"","meta":[],"product_brand":[],"product_cat":[15],"product_tag":[],"class_list":{"0":"post-66","1":"product","2":"type-product","3":"status-publish","4":"has-post-thumbnail","6":"product_cat-uncategorized","8":"first","9":"instock","10":"taxable","11":"shipping-taxable","12":"purchasable","13":"product-type-simple"},"jetpack_sharing_enabled":true,"_links":{"self":[{"href":"https:\/\/woo.tagger.dev\/index.php?rest_route=\/wp\/v2\/product\/66","targetHints":{"allow":["GET"]}}],"collection":[{"href":"https:\/\/woo.tagger.dev\/index.php?rest_route=\/wp\/v2\/product"}],"about":[{"href":"https:\/\/woo.tagger.dev\/index.php?rest_route=\/wp\/v2\/types\/product"}],"replies":[{"embeddable":true,"href":"https:\/\/woo.tagger.dev\/index.php?rest_route=%2Fwp%2Fv2%2Fcomments&post=66"}],"wp:featuredmedia":[{"embeddable":true,"href":"https:\/\/woo.tagger.dev\/index.php?rest_route=\/wp\/v2\/media\/67"}],"wp:attachment":[{"href":"https:\/\/woo.tagger.dev\/index.php?rest_route=%2Fwp%2Fv2%2Fmedia&parent=66"}],"wp:term":[{"taxonomy":"product_brand","embeddable":true,"href":"https:\/\/woo.tagger.dev\/index.php?rest_route=%2Fwp%2Fv2%2Fproduct_brand&post=66"},{"taxonomy":"product_cat","embeddable":true,"href":"https:\/\/woo.tagger.dev\/index.php?rest_route=%2Fwp%2Fv2%2Fproduct_cat&post=66"},{"taxonomy":"product_tag","embeddable":true,"href":"https:\/\/woo.tagger.dev\/index.php?rest_route=%2Fwp%2Fv2%2Fproduct_tag&post=66"}],"curies":[{"name":"wp","href":"https:\/\/api.w.org\/{rel}","templated":true}]}}